{"id":324,"date":"2022-01-24T14:43:14","date_gmt":"2022-01-24T14:43:14","guid":{"rendered":"https:\/\/support.nortecsport.com\/garanzia-e-resi\/"},"modified":"2022-02-14T12:58:24","modified_gmt":"2022-02-14T12:58:24","slug":"garanzia-e-resi","status":"publish","type":"page","link":"https:\/\/support.nortecsport.com\/it\/garanzia-e-resi\/","title":{"rendered":"Garanzia e resi"},"content":{"rendered":"\n<p><strong>Resi e reclami<br>Condizioni di restituzione, revoca<\/strong><\/p>\n\n\n\n<p>Diritto di recesso<br>I consumatori hanno un recesso di quattordici giorni.<\/p>\n\n\n\n<p>Hai il diritto di recedere dal presente contratto entro quattordici giorni senza fornire alcuna motivazione. Il periodo di recesso \u00e8 di quattordici giorni dal giorno in cui hai preso possesso dell\u2019ultima merce.<\/p>\n\n\n\n<p>Per esercitare il diritto di recesso, \u00e8 necessario informarci (NORTEC Sport GmbH, K\u00e4rntner Stra\u00dfe 8, 9500 Villach (Austria), T: +43 (0) 4242 35133, sales@nortecsport.com) mediante una chiara dichiarazione (es. lettera inviata per posta o posta elettronica) della tua decisione di recedere dal presente contratto.<\/p>\n\n\n\n<p>Per esercitare il tuo diritto di recesso, \u00e8 sufficiente che invii la notifica prima della scadenza dei 14 giorni.<\/p>\n\n\n\n<p><strong>Rimborso<\/strong><br>I costi amministrativi per il rimborso saranno a carico di NORTEC. Le spese di spedizione per il rientro presso il nostro magazzino, sia tramite corriere che per posta, sono a carico del cliente. Verr\u00e0 rimborsato l\u2019intero valore dei prodotti restituiti.<\/p>\n\n\n\n<p>Per i resi provenienti da paesi extra UE, all\u2019importo del rimborso verranno aggiunti i dazi doganali. Il cliente si impegna a restituire i prodotti entro 10 giorni lavorativi dalla data in cui ha comunicato il recesso.<br>NORTEC Sport si impegna a rimborsare il prezzo nel minor tempo possibile e comunque entro 30 giorni dalla data della dichiarazione di recesso del cliente, a condizione che:<\/p>\n\n\n\n<p>i prodotti siano stati restituiti e siao integri;<br>\u00e8 stato restituito anche l\u2019imballo originale che risulta integro;<br>gli accessori e il manuale di istruzioni, se presenti, siano restituiti ed integri;<br>i prodotti non sono stati utilizzati;<br>Per questo rimborso utilizzeremo lo stesso mezzo di pagamento che hai utilizzato per la transazione originale, a meno che non sia stato espressamente concordato qualcos\u2019altro; In nessun caso ti verr\u00e0 addebitato alcun costo per questo rimborso.<br>Possiamo rifiutare il rimborso fino a quando non avremo ricevuto la merce o fino a quando non avrai fornito la prova di aver rispedito la merce, a seconda di quale circostanza si verifica prima. Devi restituire la merce immediatamente e comunque non oltre quattordici giorni dalla data o consegnarla a<\/p>\n\n\n\n<p>NORTEC Sport GmbH, K\u00e4rntner Stra\u00dfe 8, 9500 Villach | Austria.<\/p>\n\n\n\n<p>Il cliente sostiene le spese di restituzione della merce. Il cliente \u00e8 tenuto a risarcire l\u2019eventuale perdita di valore della merce se tale perdita di valore \u00e8 dovuta a una manipolazione della merce non necessaria per verificare la natura, le propriet\u00e0 e la funzionalit\u00e0 della merce.<\/p>\n\n\n\n<p>Copyright \u00a9 2012-2021 Nortec Sport GmbH \u2013 All rights reserved.<\/p>\n","protected":false},"excerpt":{"rendered":"<p>Resi e reclamiCondizioni di restituzione, revoca Diritto di recessoI consumatori hanno un recesso di quattordici giorni. Hai il diritto di recedere dal presente contratto entro quattordici giorni senza fornire alcuna motivazione. Il periodo di recesso \u00e8 di quattordici giorni dal giorno in cui hai preso possesso dell\u2019ultima merce. Per esercitare il diritto di recesso, \u00e8 [&hellip;]<\/p>\n","protected":false},"author":1,"featured_media":0,"parent":0,"menu_order":0,"comment_status":"closed","ping_status":"open","template":"","meta":[],"acf":[],"_links":{"self":[{"href":"https:\/\/support.nortecsport.com\/it\/wp-json\/wp\/v2\/pages\/324"}],"collection":[{"href":"https:\/\/support.nortecsport.com\/it\/wp-json\/wp\/v2\/pages"}],"about":[{"href":"https:\/\/support.nortecsport.com\/it\/wp-json\/wp\/v2\/types\/page"}],"author":[{"embeddable":true,"href":"https:\/\/support.nortecsport.com\/it\/wp-json\/wp\/v2\/users\/1"}],"replies":[{"embeddable":true,"href":"https:\/\/support.nortecsport.com\/it\/wp-json\/wp\/v2\/comments?post=324"}],"version-history":[{"count":4,"href":"https:\/\/support.nortecsport.com\/it\/wp-json\/wp\/v2\/pages\/324\/revisions"}],"predecessor-version":[{"id":386,"href":"https:\/\/support.nortecsport.com\/it\/wp-json\/wp\/v2\/pages\/324\/revisions\/386"}],"wp:attachment":[{"href":"https:\/\/support.nortecsport.com\/it\/wp-json\/wp\/v2\/media?parent=324"}],"curies":[{"name":"wp","href":"https:\/\/api.w.org\/{rel}","templated":true}]}}