{"id":300,"date":"2022-01-24T14:43:13","date_gmt":"2022-01-24T14:43:13","guid":{"rendered":"https:\/\/support.nortecsport.com\/kundendienst\/"},"modified":"2025-12-04T14:36:45","modified_gmt":"2025-12-04T14:36:45","slug":"kundendienst","status":"publish","type":"page","link":"https:\/\/support.nortecsport.com\/de\/","title":{"rendered":"SUPPORT UND REKLAMATIONEN"},"content":{"rendered":"\n<p>Willkommen in unserem <strong>Support Center<\/strong>.<\/p>\n\n<p>Bei Supportanfragen oder Reklamationen bitten wir Sie, sich zun\u00e4chst an den H\u00e4ndler zu wenden, bei dem das Produkt gekauft wurde \u2013 online oder im Gesch\u00e4ft. Der H\u00e4ndler kann \u00dcberpr\u00fcfungen, Umtausch oder Garantieabwicklungen am besten organisieren. Sollte das Problem weiterhin bestehen, k\u00f6nnen Sie NORTEC anschlie\u00dfend direkt \u00fcber die auf unserer Website angegebenen Kontaktdaten erreichen.<\/p>\n\n<p>Wir unterst\u00fctzen Sie gerne!<\/p>\n\n<p><br\/>Wenn Sie sich registriert haben \/ eingelogged sind, k\u00f6nnen Sie hier ein Ticket zu deiner Anfrage erstellen. Unser Support Team wird sich <strong>ausschlie\u00dflich unter der Ticketnummer und \u00fcber diese Plattform <\/strong>bei Ihnen melden. <\/p>\n\n<div class=\"wpas wpas-login-register\">\n\t\n\t<form class=\"wpas-form\" id=\"wpas_form_login\" method=\"post\" role=\"form\" action=\"https:\/\/support.nortecsport.com\/de\/\">\n\t\t<h3>Anmelden<\/h3>\n\n\t\t<div class=\"wpas-form-group\" id=\"wpas_log_wrapper\"><label for='wpas_log'>E-Mail oder Nutzername<\/label><input type=\"text\" value=\"\" id='wpas_log' class='wpas-form-control' name='wpas_log' placeholder='E-Mail oder Nutzername' required spellcheck='false'><\/div><input type=\"hidden\" name=\"ticket_id\" value=\"300\" \/><div class=\"wpas-form-group\" id=\"wpas_pwd_wrapper\"><label for='wpas_pwd'>Passwort<\/label><input type=\"password\" value=\"\" autocomplete=\"off\" id='wpas_pwd' class='wpas-form-control' name='wpas_pwd' placeholder='Passwort' required spellcheck='false'><\/div><input type=\"hidden\" name=\"ticket_id\" value=\"300\" \/><div class=\"wpas-form-group\" id=\"wpas_rememberme_wrapper\"><div class='wpas-checkbox'><label><input type='checkbox' name='wpas_rememberme[]' value='1' > Meine Einstellungen speichern<\/label><\/div><\/div><input type=\"hidden\" name=\"ticket_id\" value=\"300\" \/><input type=\"hidden\" name=\"wpas-do\" value=\"login\"><input type=\"hidden\" id=\"wpas-do-nonce-login\" name=\"wpas-do-nonce\" value=\"669f9929b8\" \/><input type=\"hidden\" name=\"_wp_http_referer\" value=\"\/de\/wp-json\/wp\/v2\/pages\/300\" \/><input type=\"hidden\" name=\"redirect_to\" value=\"https:\/\/support.nortecsport.com\/de\/\"><button type=\"submit\" class=\"wpas-btn wpas-btn-default\" name=\"submit\" value=\"\" data-onsubmit='Einloggen beginnt...'>Anmelden<\/button><a href=\"https:\/\/support.nortecsport.com\/wp-login.php?action=lostpassword\" class=\"wpas-forgot-password-link\">Passwort vergessen?<\/a>\t<\/form>\n\n\t\n\t\t<form class=\"wpas-form\" id=\"wpas_form_registration\" method=\"post\" action=\"https:\/\/support.nortecsport.com\/de\/\">\n\t\t\t<h3>Registrieren<\/h3>\n\n\t\t\t<div class=\"wpas-form-group\" id=\"wpas_first_name_wrapper\"><label for='wpas_first_name'>Vorname<\/label><input type=\"text\" value=\"\" id='wpas_first_name' class='wpas-form-control' name='wpas_first_name' placeholder='Vorname' required><\/div><input type=\"hidden\" name=\"ticket_id\" value=\"300\" \/><div class=\"wpas-form-group\" id=\"wpas_last_name_wrapper\"><label for='wpas_last_name'>Nachname<\/label><input type=\"text\" value=\"\" id='wpas_last_name' class='wpas-form-control' name='wpas_last_name' placeholder='Nachname' required><\/div><input type=\"hidden\" name=\"ticket_id\" value=\"300\" \/><div class=\"wpas-form-group\" id=\"wpas_email_wrapper\"><label for='wpas_email'>Email<\/label><input type=\"email\" value=\"\" id='wpas_email' class='wpas-form-control' name='wpas_email' placeholder='Email' required spellcheck='false'><\/div><input type=\"hidden\" name=\"ticket_id\" value=\"300\" \/><div class=\"wpas-form-group\" id=\"wpas_password_wrapper\"><label for='wpas_password'>Gib ein Passwort ein<\/label><input type=\"password\" value=\"\" autocomplete=\"off\" id='wpas_password' class='wpas-form-control' name='wpas_password' placeholder='Passwort' required spellcheck='false'><\/div><input type=\"hidden\" name=\"ticket_id\" value=\"300\" \/><div class=\"wpas-form-group\" id=\"wpas_pwdshow_wrapper\"><div class='wpas-checkbox'><label><input type='checkbox' name='wpas_pwdshow[]' value='1' > Passwort anzeigen<\/label><\/div><\/div><input type=\"hidden\" name=\"ticket_id\" value=\"300\" \/><input type=\"hidden\" name=\"wpas-do\" value=\"register\"><input type=\"hidden\" id=\"wpas-do-nonce-register\" name=\"wpas-do-nonce\" value=\"669f9929b8\" \/><input type=\"hidden\" name=\"_wp_http_referer\" value=\"\/de\/wp-json\/wp\/v2\/pages\/300\" \/><input type=\"hidden\" name=\"redirect_to\" value=\"https:\/\/support.nortecsport.com\/de\/\"><input type=\"hidden\" id=\"user_registration\" name=\"user_registration\" value=\"43f5563e1c\" \/><button type=\"submit\" class=\"wpas-btn wpas-btn-default\" name=\"submit\" value=\"\" data-onsubmit='Erstelle Account...'>Konto erstellen<\/button>\t\t<\/form>\n\t<\/div>\n\n","protected":false},"excerpt":{"rendered":"<p>Willkommen in unserem Support Center. Bei Supportanfragen oder Reklamationen bitten wir Sie, sich zun\u00e4chst an den H\u00e4ndler zu wenden, bei dem das Produkt gekauft wurde \u2013 online oder im Gesch\u00e4ft. Der H\u00e4ndler kann \u00dcberpr\u00fcfungen, Umtausch oder Garantieabwicklungen am besten organisieren. Sollte das Problem weiterhin bestehen, k\u00f6nnen Sie NORTEC anschlie\u00dfend direkt \u00fcber die auf unserer Website [&hellip;]<\/p>\n","protected":false},"author":1,"featured_media":282,"parent":0,"menu_order":0,"comment_status":"closed","ping_status":"closed","template":"","meta":[],"acf":[],"_links":{"self":[{"href":"https:\/\/support.nortecsport.com\/de\/wp-json\/wp\/v2\/pages\/300"}],"collection":[{"href":"https:\/\/support.nortecsport.com\/de\/wp-json\/wp\/v2\/pages"}],"about":[{"href":"https:\/\/support.nortecsport.com\/de\/wp-json\/wp\/v2\/types\/page"}],"author":[{"embeddable":true,"href":"https:\/\/support.nortecsport.com\/de\/wp-json\/wp\/v2\/users\/1"}],"replies":[{"embeddable":true,"href":"https:\/\/support.nortecsport.com\/de\/wp-json\/wp\/v2\/comments?post=300"}],"version-history":[{"count":27,"href":"https:\/\/support.nortecsport.com\/de\/wp-json\/wp\/v2\/pages\/300\/revisions"}],"predecessor-version":[{"id":2413,"href":"https:\/\/support.nortecsport.com\/de\/wp-json\/wp\/v2\/pages\/300\/revisions\/2413"}],"wp:featuredmedia":[{"embeddable":true,"href":"https:\/\/support.nortecsport.com\/de\/wp-json\/wp\/v2\/media\/282"}],"wp:attachment":[{"href":"https:\/\/support.nortecsport.com\/de\/wp-json\/wp\/v2\/media?parent=300"}],"curies":[{"name":"wp","href":"https:\/\/api.w.org\/{rel}","templated":true}]}}